{"id":2746,"date":"2024-02-16T14:29:20","date_gmt":"2024-02-16T17:29:20","guid":{"rendered":"https:\/\/ilovemicro.pmu.group\/?post_type=product&#038;p=2746"},"modified":"2024-02-16T15:32:25","modified_gmt":"2024-02-16T18:32:25","slug":"sandalias-brancas-i-love-micro","status":"publish","type":"product","link":"https:\/\/ilovemicro.pmu.group\/index.php\/product\/sandalias-brancas-i-love-micro\/","title":{"rendered":"Sand\u00e1lias Brancas &#8211; I Love Micro"},"content":{"rendered":"<p>Sand\u00e1lias lindas e estilosa com nossa marca mais amada S2!<\/p>\n<p>\u2014\u2014\u2014\u2014\u2014\u2014\u2014\u2014\u2014\u2014\u2014\u2014\u2014\u2014\u2014\u2014\u2014\u2014\u2014\u2014\u2013<\/p>\n<ul>\n<li>Produzido em material de alta qualidade 80% borracha e 20 % E.V.A;<\/li>\n<li>\u00a0Chinelo produzido em borracha na cor branca.<\/li>\n<li>\u00a0Essa qualidade superior garante a fabrica\u00e7\u00e3o de Chinelos flex\u00edveis, de alta durabilidade e grande conforto;<\/li>\n<li>\u00a0Estampado por meio de sublima\u00e7\u00e3o digital em tecido 100% poli\u00e9ster que n\u00e3o desbota e pode ser lavado normalmente;<\/li>\n<\/ul>\n<p>\u2014\u2014\u2014\u2014\u2014\u2014\u2014\u2014\u2014\u2014\u2014\u2014\u2014\u2014\u2014\u2014\u2014\u2014\u2014\u2014\u2013<br \/>\n<b>TAMANHOS E MEDIDAS<\/b><br \/>\n\u2014\u2014\u2014\u2014\u2014\u2014\u2014\u2014\u2014\u2014\u2014\u2014\u2014\u2014\u2014\u2014\u2014\u2014\u2014\u2014\u2013<\/p>\n<ul>\n<li>\u00a0Tamanhos dispon\u00edveis 32, 33\/34, 35\/36, 37\/38, 39\/40, 41\/42 e 43\/44.<\/li>\n<\/ul>\n","protected":false},"excerpt":{"rendered":"<p>Sand\u00e1lias lindas e estilosa com nossa marca mais amada S2! \u2014\u2014\u2014\u2014\u2014\u2014\u2014\u2014\u2014\u2014\u2014\u2014\u2014\u2014\u2014\u2014\u2014\u2014\u2014\u2014\u2013 Produzido em material de&hellip;<\/p>\n","protected":false},"featured_media":2743,"comment_status":"open","ping_status":"closed","template":"","meta":[],"product_cat":[33],"product_tag":[],"_links":{"self":[{"href":"https:\/\/ilovemicro.pmu.group\/index.php\/wp-json\/wp\/v2\/product\/2746"}],"collection":[{"href":"https:\/\/ilovemicro.pmu.group\/index.php\/wp-json\/wp\/v2\/product"}],"about":[{"href":"https:\/\/ilovemicro.pmu.group\/index.php\/wp-json\/wp\/v2\/types\/product"}],"replies":[{"embeddable":true,"href":"https:\/\/ilovemicro.pmu.group\/index.php\/wp-json\/wp\/v2\/comments?post=2746"}],"wp:featuredmedia":[{"embeddable":true,"href":"https:\/\/ilovemicro.pmu.group\/index.php\/wp-json\/wp\/v2\/media\/2743"}],"wp:attachment":[{"href":"https:\/\/ilovemicro.pmu.group\/index.php\/wp-json\/wp\/v2\/media?parent=2746"}],"wp:term":[{"taxonomy":"product_cat","embeddable":true,"href":"https:\/\/ilovemicro.pmu.group\/index.php\/wp-json\/wp\/v2\/product_cat?post=2746"},{"taxonomy":"product_tag","embeddable":true,"href":"https:\/\/ilovemicro.pmu.group\/index.php\/wp-json\/wp\/v2\/product_tag?post=2746"}],"curies":[{"name":"wp","href":"https:\/\/api.w.org\/{rel}","templated":true}]}}