{"id":2745,"date":"2024-02-16T14:25:27","date_gmt":"2024-02-16T17:25:27","guid":{"rendered":"https:\/\/ilovemicro.pmu.group\/?post_type=product&#038;p=2745"},"modified":"2024-02-16T14:26:25","modified_gmt":"2024-02-16T17:26:25","slug":"camiseta-babylook-preto-i-love-micro","status":"publish","type":"product","link":"https:\/\/ilovemicro.pmu.group\/index.php\/product\/camiseta-babylook-preto-i-love-micro\/","title":{"rendered":"Camiseta &#8211; Preto &#8211; I Love Micro"},"content":{"rendered":"<p>T-shirt estilosa com nossa marca mais am\u00e1vel S2!<\/p>\n<p>&#8212;&#8212;&#8212;&#8212;&#8212;&#8212;&#8212;&#8212;&#8212;&#8212;&#8212;&#8212;&#8212;&#8212;&#8212;&#8212;&#8212;&#8212;&#8212;&#8212;&#8211;<\/p>\n<p><b>COMPOSI\u00c7\u00c3O<\/b><br \/>\nMeia Malha 50% Algod\u00e3o, 50% Poli\u00e9ster. Fio 30.1 Penteado.<br \/>\n<b>COMPOSI\u00c7\u00c3O COR CINZA MESCLA:<\/b><br \/>\nMeia Malha 88% Algod\u00e3o, 12% Poli\u00e9ster. Fio 30.1 Penteado.<\/p>\n<p>&#8212;&#8212;&#8212;&#8212;&#8212;&#8212;&#8212;&#8212;&#8212;&#8212;&#8212;&#8212;&#8212;&#8212;&#8212;&#8212;&#8212;&#8212;&#8212;&#8212;&#8211;<br \/>\n<b>TAMANHOS E MEDIDAS<\/b><br \/>\n&#8212;&#8212;&#8212;&#8212;&#8212;&#8212;&#8212;&#8212;&#8212;&#8212;&#8212;&#8212;&#8212;&#8212;&#8212;&#8212;&#8212;&#8212;&#8212;&#8212;&#8211;<\/p>\n<p>Tamanho <b>P <\/b>Circunfer\u00eancia Busto<b> 75<\/b> cm &#8211; Circunfer\u00eancia Barra <b>76<\/b> cm<br \/>\nComprimento <b>53<\/b> cm<\/p>\n<p>Tamanho <b>M <\/b><br \/>\nCircunfer\u00eancia Busto<b> 78<\/b> cm &#8211; Circunfer\u00eancia Barra <b>79<\/b> cm<br \/>\nComprimento <b>54<\/b> cm<\/p>\n<p>Tamanho <b>G <\/b><br \/>\nCircunfer\u00eancia Busto<b> 81<\/b> cm &#8211; Circunfer\u00eancia Barra <b>82<\/b> cm Comprimento <b>56<\/b> cm<\/p>\n<p>Tamanho <b>GG <\/b><br \/>\nCircunfer\u00eancia Busto<b> 87<\/b> cm &#8211; Circunfer\u00eancia Barra <b>88<\/b> cm<br \/>\nComprimento <b>60<\/b> cm<\/p>\n","protected":false},"excerpt":{"rendered":"<p>T-shirt estilosa com nossa marca mais am\u00e1vel S2! &#8212;&#8212;&#8212;&#8212;&#8212;&#8212;&#8212;&#8212;&#8212;&#8212;&#8212;&#8212;&#8212;&#8212;&#8212;&#8212;&#8212;&#8212;&#8212;&#8212;&#8211; COMPOSI\u00c7\u00c3O Meia Malha 50% Algod\u00e3o, 50%&hellip;<\/p>\n","protected":false},"featured_media":2739,"comment_status":"open","ping_status":"closed","template":"","meta":[],"product_cat":[37],"product_tag":[52,51,53],"_links":{"self":[{"href":"https:\/\/ilovemicro.pmu.group\/index.php\/wp-json\/wp\/v2\/product\/2745"}],"collection":[{"href":"https:\/\/ilovemicro.pmu.group\/index.php\/wp-json\/wp\/v2\/product"}],"about":[{"href":"https:\/\/ilovemicro.pmu.group\/index.php\/wp-json\/wp\/v2\/types\/product"}],"replies":[{"embeddable":true,"href":"https:\/\/ilovemicro.pmu.group\/index.php\/wp-json\/wp\/v2\/comments?post=2745"}],"wp:featuredmedia":[{"embeddable":true,"href":"https:\/\/ilovemicro.pmu.group\/index.php\/wp-json\/wp\/v2\/media\/2739"}],"wp:attachment":[{"href":"https:\/\/ilovemicro.pmu.group\/index.php\/wp-json\/wp\/v2\/media?parent=2745"}],"wp:term":[{"taxonomy":"product_cat","embeddable":true,"href":"https:\/\/ilovemicro.pmu.group\/index.php\/wp-json\/wp\/v2\/product_cat?post=2745"},{"taxonomy":"product_tag","embeddable":true,"href":"https:\/\/ilovemicro.pmu.group\/index.php\/wp-json\/wp\/v2\/product_tag?post=2745"}],"curies":[{"name":"wp","href":"https:\/\/api.w.org\/{rel}","templated":true}]}}